{"id":53,"date":"2016-12-18T20:38:59","date_gmt":"2016-12-18T20:38:59","guid":{"rendered":"http:\/\/gigafiqspp.cluster020.hosting.ovh.net\/wwwgiga\/?page_id=53"},"modified":"2016-12-18T20:38:59","modified_gmt":"2016-12-18T20:38:59","slug":"g-piste","status":"publish","type":"page","link":"http:\/\/giga.fi\/index.php\/g-piste\/","title":{"rendered":"G-piste"},"content":{"rendered":"<p>G-piste on gigalaisten kohtaamis- ja ajanviettopaikka luentojen v\u00e4leiss\u00e4 ja j\u00e4lkeen. G-pisteen l\u00f6yd\u00e4t ainej\u00e4rjest\u00f6k\u00e4yt\u00e4v\u00e4n p\u00e4\u00e4st\u00e4 CoMedian ja Justuksen huoneiden v\u00e4list\u00e4. Mik\u00e4 on Justuksen huone? Kukaan ei tied\u00e4. Hah.<\/p>\n<p><img loading=\"lazy\" decoding=\"async\" class=\"alignnone  wp-image-54\" src=\"http:\/\/gigafiqspp.cluster020.hosting.ovh.net\/wwwgiga\/wp-content\/uploads\/2016\/12\/gpiste-300x116.png\" alt=\"gpiste\" width=\"486\" height=\"188\" srcset=\"http:\/\/giga.fi\/wp-content\/uploads\/2016\/12\/gpiste-300x116.png 300w, http:\/\/giga.fi\/wp-content\/uploads\/2016\/12\/gpiste.png 600w\" sizes=\"auto, (max-width: 486px) 100vw, 486px\" \/><\/p>\n","protected":false},"excerpt":{"rendered":"<p>G-piste on gigalaisten kohtaamis- ja ajanviettopaikka luentojen v\u00e4leiss\u00e4 ja j\u00e4lkeen. G-pisteen l\u00f6yd\u00e4t ainej\u00e4rjest\u00f6k\u00e4yt\u00e4v\u00e4n p\u00e4\u00e4st\u00e4 CoMedian ja Justuksen huoneiden v\u00e4list\u00e4. Mik\u00e4 on Justuksen huone? Kukaan ei tied\u00e4. Hah.<\/p>\n","protected":false},"author":1,"featured_media":0,"parent":0,"menu_order":0,"comment_status":"closed","ping_status":"closed","template":"","meta":{"passster_activate_protection":false,"passster_protection_type":"password","passster_password":"","passster_activate_overwrite_defaults":"","passster_headline":"","passster_instruction":"","passster_placeholder":"","passster_button":"","passster_id":"","passster_activate_misc_settings":"","passster_redirect_url":"","passster_hide":"no","passster_area_shortcode":"","_mi_skip_tracking":false,"footnotes":""},"class_list":["post-53","page","type-page","status-publish","hentry"],"_links":{"self":[{"href":"http:\/\/giga.fi\/index.php\/wp-json\/wp\/v2\/pages\/53","targetHints":{"allow":["GET"]}}],"collection":[{"href":"http:\/\/giga.fi\/index.php\/wp-json\/wp\/v2\/pages"}],"about":[{"href":"http:\/\/giga.fi\/index.php\/wp-json\/wp\/v2\/types\/page"}],"author":[{"embeddable":true,"href":"http:\/\/giga.fi\/index.php\/wp-json\/wp\/v2\/users\/1"}],"replies":[{"embeddable":true,"href":"http:\/\/giga.fi\/index.php\/wp-json\/wp\/v2\/comments?post=53"}],"version-history":[{"count":3,"href":"http:\/\/giga.fi\/index.php\/wp-json\/wp\/v2\/pages\/53\/revisions"}],"predecessor-version":[{"id":57,"href":"http:\/\/giga.fi\/index.php\/wp-json\/wp\/v2\/pages\/53\/revisions\/57"}],"wp:attachment":[{"href":"http:\/\/giga.fi\/index.php\/wp-json\/wp\/v2\/media?parent=53"}],"curies":[{"name":"wp","href":"https:\/\/api.w.org\/{rel}","templated":true}]}}