{"id":49,"date":"2016-12-18T20:37:03","date_gmt":"2016-12-18T20:37:03","guid":{"rendered":"http:\/\/gigafiqspp.cluster020.hosting.ovh.net\/wwwgiga\/?page_id=49"},"modified":"2024-02-01T18:21:51","modified_gmt":"2024-02-01T16:21:51","slug":"saannot","status":"publish","type":"page","link":"http:\/\/giga.fi\/index.php\/saannot\/","title":{"rendered":"S\u00e4\u00e4nn\u00f6t"},"content":{"rendered":"<div class=\"page-header\">\n<h2>Yhdistyksen S\u00e4\u00e4nn\u00f6t<\/h2>\n<\/div>\n<div>\n<p><strong>1\u00a7 Yhdistyksen nimi ja kotipaikka<\/strong><\/p>\n<p>Yhdistyksen nimi on Giga ry ja sen kotipaikka on Vaasa.<\/p>\n<p><strong>2\u00a7 Tarkoitus ja toiminnan laatu<\/strong><\/p>\n<p>Yhdistyksen tarkoituksena on edist\u00e4\u00e4 ja tukea Vaasan yliopiston p\u00e4\u00e4aineopinnoissaan tietotekniikkaa ja viestint\u00e4\u00e4 opiskelevien tieteellist\u00e4 ja ammatillista kehityst\u00e4, vaalia opinto\u00ad ja ammattikysymyksiin liittyvi\u00e4 etuja ja viihtyvyytt\u00e4 sek\u00e4 edist\u00e4\u00e4 j\u00e4senten vapaa\u00adajan toimintaa.<br \/>\nYhdistyksen tarkoituksena ei ole tuottaa siihen osallisille voittoa eik\u00e4 v\u00e4lit\u00f6nt\u00e4 taloudellista ansiota.<br \/>\nYhdistys toteuttaa tarkoitustaan j\u00e4rjest\u00e4m\u00e4ll\u00e4 j\u00e4sentens\u00e4 opintoja tukevaa toimintaa, ekskursioita, illanviettoja, keskustelutilaisuuksia, retki\u00e4 sek\u00e4 kulttuuritoimintaa. Toimintansa tukemiseksi yhdistys voi harjoittaa alan julkaisutoimintaa.<br \/>\nYhdistys voi ottaa vastaan lahjoituksia ja testamentteja, j\u00e4rjest\u00e4\u00e4 asianmukaisella tavalla maksullisia huvitilaisuuksia ja myyj\u00e4isi\u00e4, omistaa toimintaansa varten tarpeellista irtainta ja kiinte\u00e4\u00e4 omaisuutta sek\u00e4 valmistaa, hankkia ja myyd\u00e4 j\u00e4sentuotteita.<\/p>\n<p><strong>3\u00a7 J\u00e4senet<\/strong><\/p>\n<p>Yhdistyksell\u00e4 voi olla varsinaisia j\u00e4seni\u00e4, kannattajaj\u00e4seni\u00e4 ja kunniaj\u00e4seni\u00e4. \u00c4\u00e4nioikeutettuja ovat yhdistyksen varsinaiset j\u00e4senet.<br \/>\nYhdistyksen varsinaiseksi j\u00e4seneksi voi liitty\u00e4 jokainen Vaasan yliopiston perus\u00ad tai jatkotutkintoa suorittava opiskelija, joka hyv\u00e4ksyy yhdistyksen tarkoituksen ja s\u00e4\u00e4nn\u00f6t.<br \/>\nHallitus voi hyv\u00e4ksy\u00e4 kannattajaj\u00e4seneksi luonnollisen tai oikeushenkil\u00f6n, joka haluaa tukea yhdistyksen toimintaa.<br \/>\nYhdistyksen kunniaj\u00e4seneksi voidaan hallituksen perustellusta esityksest\u00e4 yhdistyksen kokouksessa kutsua henkil\u00f6, joka on toiminut erityisen ansiokkaasti yhdistyksen hyv\u00e4ksi.<br \/>\nMik\u00e4li kunniaj\u00e4seneksi kutsuttu on yhdistyksen varsinainen j\u00e4sen, s\u00e4ilyv\u00e4t h\u00e4nen varsinaisen j\u00e4senen j\u00e4senoikeutensa.<br \/>\nJ\u00e4senen velvollisuutena on ilmoittaa tarvittavat yhteystiedot yhdistyksen hallitukselle j\u00e4senrekisteri\u00e4 varten.<br \/>\nJ\u00e4sen on velvollinen ilmoittamaan tietoihinsa tulevista muutoksista.<\/p>\n<p><strong>4\u00a7 J\u00e4senen eroaminen tai erottaminen<\/strong><\/p>\n<p>J\u00e4sen voi erota yhdistyksest\u00e4 tekem\u00e4ll\u00e4 siit\u00e4 kirjallisen ilmoituksen hallitukselle tai sen puheenjohtajalle tai ilmoituksella erosta yhdistyksen kokouksessa p\u00f6yt\u00e4kirjaan merkitt\u00e4v\u00e4ksi.<br \/>\nHallitus voi erottaa j\u00e4senen yhdistyksest\u00e4, jos j\u00e4sen on j\u00e4tt\u00e4nyt er\u00e4\u00e4ntyneen j\u00e4senmaksunsa maksamatta tai muuten j\u00e4tt\u00e4nyt t\u00e4ytt\u00e4m\u00e4tt\u00e4 ne velvollisuudet, joihin h\u00e4n on yhdistykseen liittym\u00e4ll\u00e4 sitoutunut, tai on menettelyll\u00e4\u00e4n yhdistyksess\u00e4 tai sen ulkopuolella vahingoittanut yhdistyst\u00e4.<\/p>\n<p><strong>5\u00a7 J\u00e4senmaksu<\/strong><\/p>\n<p>Varsinaisilta j\u00e4senilt\u00e4 sek\u00e4 kannatusj\u00e4senilt\u00e4 peritt\u00e4v\u00e4n j\u00e4senmaksun suuruudesta p\u00e4\u00e4tt\u00e4\u00e4 yhdistyksen kev\u00e4tkokous.<br \/>\nKunniaj\u00e4senilt\u00e4 ei perit\u00e4 j\u00e4senmaksua.<br \/>\nJ\u00e4senmaksu on voimassa varsinaisille j\u00e4senille koko Vaasan yliopistossa opiskelun ajan ja kannatusj\u00e4senille kev\u00e4tkokouksen m\u00e4\u00e4rittelem\u00e4n ajan.<\/p>\n<p><strong>6\u00a7 Hallitus<\/strong><\/p>\n<p>Yhdistyksen asioita hoitaa hallitus, johon kuuluu syyskokouksessa valitut puheenjohtaja, varapuheenjohtaja ja sihteeri sek\u00e4 nollasta (0) viiteen (5) muuta j\u00e4sent\u00e4.<br \/>\nHallituksen j\u00e4senten tulee olla yhdistyksen varsinaisia j\u00e4seni\u00e4.<br \/>\nHallituksen toimikausi on yksi (1) kalenterivuosi alkaen 1. tammikuuta.<br \/>\nHallitus kokoontuu puheenjohtajan tai h\u00e4nen ollessa estynyt varapuheenjohtajan kutsusta tai kun yli puolet hallituksen j\u00e4senist\u00e4 sit\u00e4 vaatii.<br \/>\nHallitus on p\u00e4\u00e4t\u00f6svaltainen, kun v\u00e4hint\u00e4\u00e4n puolet j\u00e4senist\u00e4, hallituksen puheenjohtaja tai varapuheenjohtaja mukaan luettuna ovat l\u00e4sn\u00e4.<br \/>\n\u00c4\u00e4nestykset ratkaistaan yksinkertaisella \u00e4\u00e4nten enemmist\u00f6ll\u00e4.<br \/>\n\u00c4\u00e4nten menness\u00e4 tasan ratkaisee puheenjohtajan \u00e4\u00e4ni, vaaleissa kuitenkin arpa.<br \/>\nHallituksen kokouksiin voivat osallistua yhdistyksen varsinaiset j\u00e4senet puhe\u00ad ja l\u00e4sn\u00e4olo\u00ad-oikeudella.<br \/>\nHallitus voi my\u00f6nt\u00e4\u00e4 tarvittaessa puhe\u00ad ja l\u00e4sn\u00e4olo\u00ad-oikeuden kokouksessaan my\u00f6s henkil\u00f6lle, joka ei ole yhdistyksen j\u00e4sen.<\/p>\n<p>Hallituksen teht\u00e4vi\u00e4 ovat muun muassa:<br \/>\n1. Hyv\u00e4ksy\u00e4 ja erottaa yhdistyksen j\u00e4senet.<br \/>\n2. Pit\u00e4\u00e4 yll\u00e4 j\u00e4senrekisteri\u00e4.<br \/>\n3. Kutsua koolle yhdistyksen kokoukset sek\u00e4 valmistella ja toimeenpanna kokousten p\u00e4\u00e4t\u00f6sasiat.<br \/>\n4. Valvoa yhdistyksen taloutta parhaalla mahdollisella tavalla.<br \/>\n5. Laatia toimintasuunnitelma ja talousarvio.<br \/>\n6. Laatia tilinp\u00e4\u00e4t\u00f6s ja toimintakertomus.<br \/>\n7. Edustaa yhdistyst\u00e4 kokouksissa ja tilaisuuksissa.<\/p>\n<p>Jos hallituksen j\u00e4sen eroaa kesken toimikautensa ilmoittamalla siit\u00e4 hallitukselle tai jos yhdistyksen kokous erottaa j\u00e4senen, yhdistyksen kokous voi valita h\u00e4nen tilalleen uuden henkil\u00f6n j\u00e4ljell\u00e4 olevaksi toimikaudeksi.<br \/>\nErotettaessa puheenjohtaja tai h\u00e4nen erotessaan taikka erotettaessa koko hallitus on tilalle valittava uusi hallitus j\u00e4ljell\u00e4 olevaksi toimikaudeksi.<br \/>\nHallitusta voidaan tarvittaessa t\u00e4ydent\u00e4\u00e4 yhdistyksen kokouksessa j\u00e4ljell\u00e4 olevalle toimikaudelle.<\/p>\n<p><strong>7\u00a7 Yhdistyksen nimen kirjoittaminen<\/strong><\/p>\n<p>Yhdistyksen nimen kirjoittaa hallituksen puheenjohtaja tai hallituksen oikeuttama henkil\u00f6 yksin, tai hallituksen muut j\u00e4senet kaksi yhdess\u00e4.<\/p>\n<p><strong>8\u00a7 Tilikausi ja tilintarkastus<\/strong><\/p>\n<p>Yhdistyksen tilikausi on kalenterivuosi alkaen 1. tammikuuta.<br \/>\nYhdistyksell\u00e4 on yhdest\u00e4 (1) kahteen (2) varsinaista tilintarkastajaa\/toiminnantarkastajaa ja yhdest\u00e4 (1) kahteen (2) varatilintarkastajaa\/varatoiminnantarkastajaa, jotka valitaan yhdistyksen syyskokouksessa.<br \/>\nTilinp\u00e4\u00e4t\u00f6s tarvittavine asiakirjoineen ja hallituksen vuosikertomus on annettava tilintarkastajille\/toiminnantarkastajille viimeist\u00e4\u00e4n kuukausi ennen kev\u00e4tkokousta.<br \/>\nTilintarkastajien\/toiminnantarkastajien tulee antaa tilinp\u00e4\u00e4t\u00f6ksest\u00e4 asiakirjoineen sek\u00e4 hallituksen vuosikertomuksesta kirjallinen lausunta viimeist\u00e4\u00e4n kaksi (2) viikkoa ennen kev\u00e4tkokousta hallitukselle.<\/p>\n<p><strong>9\u00a7 Yhdistyksen kokoukset<\/strong><\/p>\n<p>Yhdistyksen kokoukset ovat varsinaisia tai ylim\u00e4\u00e4r\u00e4isi\u00e4.<br \/>\nVarsinaisia kokouksia ovat kev\u00e4tkokous ja syyskokous.<br \/>\nMuut kokoukset ovat ylim\u00e4\u00e4r\u00e4isi\u00e4.<br \/>\nYhdistyksen kev\u00e4tkokous pidet\u00e4\u00e4n helmi-\u00adhuhtikuussa ja syyskokous syys\u00ad-marraskuussa hallituksen m\u00e4\u00e4r\u00e4\u00e4m\u00e4n\u00e4 p\u00e4iv\u00e4n\u00e4.<br \/>\nYlim\u00e4\u00e4r\u00e4inen kokous pidet\u00e4\u00e4n, kun hallitus katsoo siihen olevan aihetta tai kun v\u00e4hint\u00e4\u00e4n kymmenen (10) yhdistyksen varsinaista j\u00e4sent\u00e4 tai 1\/10 \u00e4\u00e4nioikeutetuista j\u00e4senist\u00e4 sit\u00e4 hallitukselta erityisesti ilmoitettua asiaa varten kirjallisesti vaatii.<br \/>\nKokous on pidett\u00e4v\u00e4 kolmenkymmenen (30) vuorokauden kuluessa siit\u00e4, kun vaatimus kokouksen pit\u00e4misest\u00e4 on esitetty hallitukselle.<br \/>\nYhdistyksen kokouksissa on jokaisella varsinaisella j\u00e4senell\u00e4 yksi \u00e4\u00e4ni. Kannatus\u00ad ja kunniaj\u00e4senill\u00e4 on kokouksissa puhe\u00ad ja l\u00e4sn\u00e4olo-\u00adoikeus.<br \/>\nP\u00e4\u00e4t\u00f6kset tehd\u00e4\u00e4n, ellei n\u00e4iss\u00e4 s\u00e4\u00e4nn\u00f6iss\u00e4 ole toisin m\u00e4\u00e4r\u00e4tty, yksinkertaisella \u00e4\u00e4ntenenemmist\u00f6ll\u00e4.<br \/>\n\u00c4\u00e4nten menness\u00e4 tasan ratkaisee puheenjohtajan \u00e4\u00e4ni, vaaleissa kuitenkin arpa.<\/p>\n<p><strong>10\u00a7 Yhdistyksen kokouksen koollekutsuminen<\/strong><\/p>\n<p>Yhdistyksen kokouksen kutsuu koolle yhdistyksen hallitus.<br \/>\nKokous on kutsuttava koolle viimeist\u00e4\u00e4n seitsem\u00e4n (7) vuorokautta ennen kokousta toimittamalla kutsu s\u00e4hk\u00f6isesti yhdistyksen s\u00e4hk\u00f6postilistalle.<\/p>\n<p><strong>11\u00a7 Varsinaiset kokoukset<\/strong><\/p>\n<p>Yhdistyksen kev\u00e4tkokouksessa k\u00e4sitell\u00e4\u00e4n seuraavat asiat:<br \/>\n1. kokouksen avaus<br \/>\n2. valitaan kokouksen puheenjohtaja, sihteeri, kaksi p\u00f6yt\u00e4kirjantarkastajaa ja \u00e4\u00e4ntenlaskijaa<br \/>\n3. todetaan kokouksen laillisuus ja p\u00e4\u00e4t\u00f6svaltaisuus<br \/>\n4. hyv\u00e4ksyt\u00e4\u00e4n kokouksen ty\u00f6j\u00e4rjestys<br \/>\n5. esitet\u00e4\u00e4n tilinp\u00e4\u00e4t\u00f6s, vuosikertomus ja tilintarkastajien\/toiminnantarkastajien lausunto<br \/>\n6. p\u00e4\u00e4tet\u00e4\u00e4n tilinp\u00e4\u00e4t\u00f6ksen vahvistamisesta ja vastuuvapauden my\u00f6nt\u00e4misest\u00e4 hallitukselle ja muille vastuuvelvollisille<br \/>\n7. p\u00e4\u00e4tet\u00e4\u00e4n liittymis\u00ad ja j\u00e4senmaksun suuruus<br \/>\n8. k\u00e4sitell\u00e4\u00e4n muut kokouksessa mainitut asiat<\/p>\n<p>Yhdistyksen syyskokouksessa k\u00e4sitell\u00e4\u00e4n seuraavat asiat:<br \/>\n1. kokouksen avaus<br \/>\n2. valitaan kokouksen puheenjohtaja, sihteeri, kaksi p\u00f6yt\u00e4kirjantarkastajaa ja \u00e4\u00e4ntenlaskijaa<br \/>\n3. todetaan kokouksen laillisuus ja p\u00e4\u00e4t\u00f6svaltaisuus<br \/>\n4. hyv\u00e4ksyt\u00e4\u00e4n kokouksen ty\u00f6j\u00e4rjestys<br \/>\n5. vahvistetaan toimint asuunnitelma ja talousarvio<br \/>\n6. p\u00e4\u00e4tet\u00e4\u00e4n hallituksen j\u00e4senten lukum\u00e4\u00e4r\u00e4 sek\u00e4 heid\u00e4n mahdolliset palkkionsa<br \/>\n7. valitaan puheenjohtaja, varapuheenjohtaja, sihteeri ja rahastonhoitaja sek\u00e4 muut j\u00e4senet<br \/>\n8. p\u00e4\u00e4tet\u00e4\u00e4n tilintarkastajien\/toiminnantarkastajien mahdollisista palkkioista<br \/>\n9. valitaan tilintarkastajat\/toiminnantarkastajat ja heid\u00e4n varahenkil\u00f6ns\u00e4<br \/>\n10. k\u00e4sitell\u00e4\u00e4n muut kokouksessa mainitut asiat<\/p>\n<p>Mik\u00e4li yhdistyksen j\u00e4sen haluaa saada jonkin asian yhdistyksen kev\u00e4t\u00ad tai syyskokouksen k\u00e4sitelt\u00e4v\u00e4ksi, on h\u00e4nen ilmoitettava siit\u00e4 kirjallisesti hallitukselle v\u00e4hint\u00e4\u00e4n kaksi (2) viikkoa ennen yhdistyksen kev\u00e4t\u00ad tai syyskokousta, jotta asia voidaan sis\u00e4llytt\u00e4\u00e4 kokouskutsuun.<\/p>\n<p><strong>12 \u00a7 S\u00e4\u00e4nt\u00f6jen muuttaminen ja yhdistyksen purkaminen<\/strong><\/p>\n<p>Mik\u00e4li yhdistyksen s\u00e4\u00e4nt\u00f6j\u00e4 halutaan muuttaa, tulee asia k\u00e4sitell\u00e4 kahdessa (2) per\u00e4kk\u00e4isess\u00e4 yhdistyksen kokouksessa.<br \/>\nKokousten v\u00e4lill\u00e4 tulee kuitenkin olla v\u00e4hint\u00e4\u00e4n kaksi (2) viikkoa.<br \/>\nEnsimm\u00e4isess\u00e4 kokouksessa ehdotuksen tulee saada taakseen v\u00e4hint\u00e4\u00e4n puolet (1\/2) annetuista \u00e4\u00e4nist\u00e4.<br \/>\nToisessa kokouksessa ehdotuksen tulee saada kolmen nelj\u00e4nneksen (3\/4) enemmist\u00f6 annetuista \u00e4\u00e4nist\u00e4.<br \/>\nS\u00e4\u00e4nt\u00f6jen muuttamisesta tulee mainita kokouskutsussa.<br \/>\nMik\u00e4li yhdistys halutaan purkaa tulee asia k\u00e4sitell\u00e4 kahdessa (2) per\u00e4kk\u00e4isess\u00e4 yhdistyksen kokouksessa.<br \/>\nKokousten v\u00e4lill\u00e4 tulee kuitenkin olla v\u00e4hint\u00e4\u00e4n kaksi (2) viikkoa.<br \/>\nPurkuesitys tulee saada molemmissa kokouksissa taakseen nelj\u00e4n viidesosan (4\/5) enemmist\u00f6 annetuista \u00e4\u00e4nist\u00e4.<br \/>\nPurkuesityksest\u00e4 tulee mainita kokouskutsussa.<br \/>\nYhdistyksen purkautuessa sen omaisuus ja varat joutuvat viimeisen purkamisesta p\u00e4\u00e4tt\u00e4neen yhdistyksen kokouksen p\u00e4\u00e4t\u00f6ksen mukaisesti yhdistyksen tarkoituksen edist\u00e4miseen.<br \/>\nYhdistyksen tullessa lakkautetuksi k\u00e4ytet\u00e4\u00e4n sen varat samaan tarkoitukseen.<\/p>\n<p><strong>13\u00a7 Ohjes\u00e4\u00e4nn\u00f6t<\/strong><\/p>\n<p>Yhdistyksen toiminnasta voidaan tarkemmin s\u00e4\u00e4t\u00e4\u00e4 ohjes\u00e4\u00e4nn\u00f6iss\u00e4.<br \/>\nOhjes\u00e4\u00e4nt\u00f6jen hyv\u00e4ksymisest\u00e4, muuttamisesta ja kumoamisesta p\u00e4\u00e4tt\u00e4\u00e4 yhdistyksen kokous.<br \/>\nP\u00e4\u00e4t\u00f6ksen hyv\u00e4ksymiseen vaaditaan kahden kolmasosan (2\/3) enemmist\u00f6 annetuista \u00e4\u00e4nist\u00e4.<\/p>\n<p><strong>14\u00a7 Muut s\u00e4\u00e4d\u00f6kset<\/strong><\/p>\n<p>Muissa osin noudatetaan voimassaolevia yhdistyslain s\u00e4\u00e4d\u00f6ksi\u00e4. T\u00e4ll\u00e4 s\u00e4\u00e4nt\u00f6muutoksella ei loukata saavutettuja j\u00e4senoikeuksia.<\/p>\n<\/div>\n","protected":false},"excerpt":{"rendered":"<p>Yhdistyksen S\u00e4\u00e4nn\u00f6t 1\u00a7 Yhdistyksen nimi ja kotipaikka Yhdistyksen nimi on Giga ry ja sen kotipaikka on Vaasa. 2\u00a7 Tarkoitus ja toiminnan laatu Yhdistyksen tarkoituksena on edist\u00e4\u00e4 ja tukea Vaasan yliopiston p\u00e4\u00e4aineopinnoissaan tietotekniikkaa ja viestint\u00e4\u00e4 opiskelevien tieteellist\u00e4 ja ammatillista kehityst\u00e4, vaalia opinto\u00ad ja ammattikysymyksiin liittyvi\u00e4 etuja ja viihtyvyytt\u00e4 sek\u00e4 edist\u00e4\u00e4 j\u00e4senten vapaa\u00adajan toimintaa. Yhdistyksen tarkoituksena ei [&hellip;]<\/p>\n","protected":false},"author":1,"featured_media":0,"parent":0,"menu_order":0,"comment_status":"closed","ping_status":"closed","template":"","meta":{"passster_activate_protection":false,"passster_protection_type":"password","passster_password":"","passster_activate_overwrite_defaults":"","passster_headline":"","passster_instruction":"","passster_placeholder":"","passster_button":"","passster_id":"","passster_activate_misc_settings":"","passster_redirect_url":"","passster_hide":"no","passster_area_shortcode":"","_mi_skip_tracking":false,"footnotes":""},"class_list":["post-49","page","type-page","status-publish","hentry"],"_links":{"self":[{"href":"http:\/\/giga.fi\/index.php\/wp-json\/wp\/v2\/pages\/49","targetHints":{"allow":["GET"]}}],"collection":[{"href":"http:\/\/giga.fi\/index.php\/wp-json\/wp\/v2\/pages"}],"about":[{"href":"http:\/\/giga.fi\/index.php\/wp-json\/wp\/v2\/types\/page"}],"author":[{"embeddable":true,"href":"http:\/\/giga.fi\/index.php\/wp-json\/wp\/v2\/users\/1"}],"replies":[{"embeddable":true,"href":"http:\/\/giga.fi\/index.php\/wp-json\/wp\/v2\/comments?post=49"}],"version-history":[{"count":2,"href":"http:\/\/giga.fi\/index.php\/wp-json\/wp\/v2\/pages\/49\/revisions"}],"predecessor-version":[{"id":378,"href":"http:\/\/giga.fi\/index.php\/wp-json\/wp\/v2\/pages\/49\/revisions\/378"}],"wp:attachment":[{"href":"http:\/\/giga.fi\/index.php\/wp-json\/wp\/v2\/media?parent=49"}],"curies":[{"name":"wp","href":"https:\/\/api.w.org\/{rel}","templated":true}]}}