{"id":41,"date":"2016-12-18T20:34:03","date_gmt":"2016-12-18T20:34:03","guid":{"rendered":"http:\/\/gigafiqspp.cluster020.hosting.ovh.net\/wwwgiga\/?page_id=41"},"modified":"2021-08-25T18:15:48","modified_gmt":"2021-08-25T16:15:48","slug":"opiskelu","status":"publish","type":"page","link":"http:\/\/giga.fi\/index.php\/opiskelu\/","title":{"rendered":"Opiskelu"},"content":{"rendered":"<div class=\"page-header\">\n<h2>Koulutus ja opiskelu<\/h2>\n<\/div>\n<div>\n<h4>\u2022 Viestint\u00e4\u00e4<\/h4>\n<h4>\u2022 Tietotekniikkaa<\/h4>\n<h4>\u2022 Kauppatieteit\u00e4<\/h4>\n<p><strong>TEVI<\/strong><br \/>\nFilosofisen tiedekunnan ja teknillisen tiedekunnan yhteinen Teknisen viestinn\u00e4n maisterikoulutusohjelma yhdist\u00e4\u00e4 ainutlaatuisella tavalla viestint\u00e4tieteiden, tietotekniikan ja kauppatieteiden opintoja.<\/p>\n<p>Tekninen viestint\u00e4 tarkoittaa k\u00e4ytt\u00e4jille suunnitellun informaation tuottamista. Koulutusohjelma syvent\u00e4\u00e4 opiskelijan tietoja sek\u00e4 viestinn\u00e4st\u00e4 ett\u00e4 tietotekniikasta, joiden osaamista tarvitaan monissa teht\u00e4viss\u00e4. T\u00f6it\u00e4 teknisen viestinn\u00e4n osaajalle l\u00f6ytyy mm. teollisuudesta, ohjelmistoyrityksist\u00e4 ja toimistoalalta.<\/p>\n<p>Ohjelmaan hakeudutaan joko viestint\u00e4tieteiden (filosofian maisteri) tai tietotekniikan (kauppatieteiden maisteri) p\u00e4\u00e4aineopiskelijaksi. Opinnot koostuvat yhteisist\u00e4 viestint\u00e4tieteiden ja tietotekniikan opinnoista, joiden ytimen\u00e4 on tekninen viestint\u00e4. Opintojen keskeisi\u00e4 teemoja ovat k\u00e4ytett\u00e4vyys ja k\u00e4ytt\u00e4j\u00e4l\u00e4ht\u00f6isyys.<\/p>\n<p><a href=\"https:\/\/www.uwasa.fi\/fi\/koulutus\/maisteriohjelmat\/tekninen-viestinta-fm\">Lue lis\u00e4\u00e4 Tevist\u00e4.<\/a><\/p>\n<p><strong>GIGA<\/strong><br \/>\nVuonna 1996 perustettu Teknisen viestinn\u00e4n koulutusohjelma (Giga) muuttui maisterikoulutusohjelmaksi (Tevi) syksyll\u00e4 2012.<\/p>\n<\/div>\n","protected":false},"excerpt":{"rendered":"<p>Koulutus ja opiskelu \u2022 Viestint\u00e4\u00e4 \u2022 Tietotekniikkaa \u2022 Kauppatieteit\u00e4 TEVI Filosofisen tiedekunnan ja teknillisen tiedekunnan yhteinen Teknisen viestinn\u00e4n maisterikoulutusohjelma yhdist\u00e4\u00e4 ainutlaatuisella tavalla viestint\u00e4tieteiden, tietotekniikan ja kauppatieteiden opintoja. Tekninen viestint\u00e4 tarkoittaa k\u00e4ytt\u00e4jille suunnitellun informaation tuottamista. Koulutusohjelma syvent\u00e4\u00e4 opiskelijan tietoja sek\u00e4 viestinn\u00e4st\u00e4 ett\u00e4 tietotekniikasta, joiden osaamista tarvitaan monissa teht\u00e4viss\u00e4. T\u00f6it\u00e4 teknisen viestinn\u00e4n osaajalle l\u00f6ytyy mm. teollisuudesta, ohjelmistoyrityksist\u00e4 [&hellip;]<\/p>\n","protected":false},"author":1,"featured_media":0,"parent":0,"menu_order":0,"comment_status":"closed","ping_status":"closed","template":"","meta":{"passster_activate_protection":false,"passster_protection_type":"password","passster_password":"","passster_activate_overwrite_defaults":"","passster_headline":"","passster_instruction":"","passster_placeholder":"","passster_button":"","passster_id":"","passster_activate_misc_settings":"","passster_redirect_url":"","passster_hide":"no","passster_area_shortcode":"","_mi_skip_tracking":false,"footnotes":""},"class_list":["post-41","page","type-page","status-publish","hentry"],"_links":{"self":[{"href":"http:\/\/giga.fi\/index.php\/wp-json\/wp\/v2\/pages\/41","targetHints":{"allow":["GET"]}}],"collection":[{"href":"http:\/\/giga.fi\/index.php\/wp-json\/wp\/v2\/pages"}],"about":[{"href":"http:\/\/giga.fi\/index.php\/wp-json\/wp\/v2\/types\/page"}],"author":[{"embeddable":true,"href":"http:\/\/giga.fi\/index.php\/wp-json\/wp\/v2\/users\/1"}],"replies":[{"embeddable":true,"href":"http:\/\/giga.fi\/index.php\/wp-json\/wp\/v2\/comments?post=41"}],"version-history":[{"count":2,"href":"http:\/\/giga.fi\/index.php\/wp-json\/wp\/v2\/pages\/41\/revisions"}],"predecessor-version":[{"id":287,"href":"http:\/\/giga.fi\/index.php\/wp-json\/wp\/v2\/pages\/41\/revisions\/287"}],"wp:attachment":[{"href":"http:\/\/giga.fi\/index.php\/wp-json\/wp\/v2\/media?parent=41"}],"curies":[{"name":"wp","href":"https:\/\/api.w.org\/{rel}","templated":true}]}}