{"id":39,"date":"2016-12-18T20:33:30","date_gmt":"2016-12-18T20:33:30","guid":{"rendered":"http:\/\/gigafiqspp.cluster020.hosting.ovh.net\/wwwgiga\/?page_id=39"},"modified":"2020-01-23T14:32:51","modified_gmt":"2020-01-23T12:32:51","slug":"info","status":"publish","type":"page","link":"http:\/\/giga.fi\/index.php\/info\/","title":{"rendered":"Info"},"content":{"rendered":"<div class=\"page-header\">\n<h2>\u00a0<\/h2>\n<\/div>\n<div>\n<p><strong>Illanvietot<br \/><\/strong>Gigalaiset kokoontuvat ep\u00e4s\u00e4\u00e4nn\u00f6llisen s\u00e4\u00e4nn\u00f6llisesti viett\u00e4m\u00e4\u00e4n iltaa yhdess\u00e4. Toisinaan tarjolla on my\u00f6s mahdollisuus saunomiseen.<\/p>\n<p><strong>Palautetilaisuus<\/strong><br \/>Gigan j\u00e4rjest\u00e4m\u00e4ss\u00e4 palautetilaisuudessa on mahdollista p\u00e4\u00e4st\u00e4 antamaan ja kuulemaan opiskelijoiden palautetta viestinn\u00e4n- ja tietotekniikan opetuksesta. Vuosittain palkitaan my\u00f6s molempien tiedekuntien parhaiten suoriutuneet opetushenkil\u00f6t<\/p>\n<p><strong>Sitsit<\/strong><br \/>Giga j\u00e4rjest\u00e4\u00e4 sitsej\u00e4 yhteisty\u00f6ss\u00e4 muiden ainej\u00e4rjest\u00f6jen kanssa.<\/p>\n<p><strong>TEVI-kahvit<br \/><\/strong>ovat tietotekniikan ja viestint\u00e4tieteiden yksik\u00f6iden henkil\u00f6kunnan sek\u00e4 Tevin ja Gigan opiskelijoiden ep\u00e4virallisia kahvitilaisuuksia, jotka j\u00e4rjestet\u00e4\u00e4n vuorotellen oppiaineiden kahvihuoneissa. Tervetuloa my\u00f6s kaikki Tevist\u00e4 kiinnostuneet! Kahvit j\u00e4rjestet\u00e4\u00e4n tavallisesti joka kuukauden ensimm\u00e4isen\u00e4 torstaina.<\/p>\n<p><strong>Wappum\u00f6lkyt<\/strong><br \/>Gigan Wappum\u00f6lkyt ovat vappuputken yksi suosituimmista tapahtumista! M\u00f6lkkyj\u00e4 on j\u00e4rjestetty vuodesta 2007 alkaen.<\/p>\n<p><strong>Yst\u00e4v\u00e4np\u00e4iv\u00e4keilaus<\/strong><br \/>Uusimpia tapahtumiamme on helmikuinen keilailta, jossa opiskelijat ottavat mittaa toisistaan. Tapahtuma j\u00e4rjestet\u00e4\u00e4n Gigan j\u00e4senille, mutta teeman mukaisesti saa radalle tuoda kaverinkin.<\/p>\n<p><strong>TwitchGiga<\/strong><br \/>Gigalaisten pit\u00e4m\u00e4 livestream-tapahtuma. Kiinnostuneet vet\u00e4j\u00e4t \/ osallistujat, olkaa yhteyksiss\u00e4 hallituksen puheenjohtajaan tai tiedottajaan!<\/p>\n<\/div>\n\n\n<hr class=\"wp-block-separator is-style-dots\"\/>\n\n\n\n<p><strong>Kiinnostaako SINUA tapahtumien j\u00e4rjest\u00e4minen ja Gigan tulevaisuus?<\/strong> <\/p>\n\n\n\n<p>Ole siin\u00e4 tapauksessa suoraan yhteyksiss\u00e4 hallitukseen (s\u00e4hk\u00f6posti tai facebook), niin etsit\u00e4\u00e4n sinulle jotain mukavaa tekemist\u00e4. Vaikka syksyn hallitushaku meni ohi, niin ei huolta, sill\u00e4 apu ja uudet tuttavat kelpaavat aina!<\/p>\n","protected":false},"excerpt":{"rendered":"<p>\u00a0 IllanvietotGigalaiset kokoontuvat ep\u00e4s\u00e4\u00e4nn\u00f6llisen s\u00e4\u00e4nn\u00f6llisesti viett\u00e4m\u00e4\u00e4n iltaa yhdess\u00e4. Toisinaan tarjolla on my\u00f6s mahdollisuus saunomiseen. PalautetilaisuusGigan j\u00e4rjest\u00e4m\u00e4ss\u00e4 palautetilaisuudessa on mahdollista p\u00e4\u00e4st\u00e4 antamaan ja kuulemaan opiskelijoiden palautetta viestinn\u00e4n- ja tietotekniikan opetuksesta. Vuosittain palkitaan my\u00f6s molempien tiedekuntien parhaiten suoriutuneet opetushenkil\u00f6t SitsitGiga j\u00e4rjest\u00e4\u00e4 sitsej\u00e4 yhteisty\u00f6ss\u00e4 muiden ainej\u00e4rjest\u00f6jen kanssa. TEVI-kahvitovat tietotekniikan ja viestint\u00e4tieteiden yksik\u00f6iden henkil\u00f6kunnan sek\u00e4 Tevin ja Gigan opiskelijoiden [&hellip;]<\/p>\n","protected":false},"author":1,"featured_media":0,"parent":0,"menu_order":0,"comment_status":"closed","ping_status":"closed","template":"","meta":{"passster_activate_protection":false,"passster_protection_type":"password","passster_password":"","passster_activate_overwrite_defaults":"","passster_headline":"","passster_instruction":"","passster_placeholder":"","passster_button":"","passster_id":"","passster_activate_misc_settings":"","passster_redirect_url":"","passster_hide":"no","passster_area_shortcode":"","_mi_skip_tracking":false,"footnotes":""},"class_list":["post-39","page","type-page","status-publish","hentry"],"_links":{"self":[{"href":"http:\/\/giga.fi\/index.php\/wp-json\/wp\/v2\/pages\/39","targetHints":{"allow":["GET"]}}],"collection":[{"href":"http:\/\/giga.fi\/index.php\/wp-json\/wp\/v2\/pages"}],"about":[{"href":"http:\/\/giga.fi\/index.php\/wp-json\/wp\/v2\/types\/page"}],"author":[{"embeddable":true,"href":"http:\/\/giga.fi\/index.php\/wp-json\/wp\/v2\/users\/1"}],"replies":[{"embeddable":true,"href":"http:\/\/giga.fi\/index.php\/wp-json\/wp\/v2\/comments?post=39"}],"version-history":[{"count":7,"href":"http:\/\/giga.fi\/index.php\/wp-json\/wp\/v2\/pages\/39\/revisions"}],"predecessor-version":[{"id":239,"href":"http:\/\/giga.fi\/index.php\/wp-json\/wp\/v2\/pages\/39\/revisions\/239"}],"wp:attachment":[{"href":"http:\/\/giga.fi\/index.php\/wp-json\/wp\/v2\/media?parent=39"}],"curies":[{"name":"wp","href":"https:\/\/api.w.org\/{rel}","templated":true}]}}