{"id":34,"date":"2016-12-18T20:32:07","date_gmt":"2016-12-18T20:32:07","guid":{"rendered":"http:\/\/gigafiqspp.cluster020.hosting.ovh.net\/wwwgiga\/?page_id=34"},"modified":"2022-02-16T10:25:32","modified_gmt":"2022-02-16T08:25:32","slug":"jaseneksi","status":"publish","type":"page","link":"http:\/\/giga.fi\/index.php\/jaseneksi\/","title":{"rendered":"J\u00e4seneksi"},"content":{"rendered":"<div class=\"page-header\">\n<div class=\"page-header\">\n<h2>Liity J\u00e4seneksi<\/h2>\n<\/div>\n<div>\n<h4>\u2022 Opiskelijayhteis\u00f6<\/h4>\n<h4>\u2022 Tenttiarkisto<\/h4>\n<h4>\u2022 Alennukset<\/h4>\n<p><strong>J\u00e4senmaksu on ikij\u00e4senyys<\/strong><\/p>\n<p>Liittym\u00e4ll\u00e4 ainej\u00e4rjest\u00f6\u00f6n varmistat koulutuksesi laadun kehitt\u00e4misen. Edunvalvonnan lis\u00e4ksi ainej\u00e4rjest\u00f6 tarjoaa paljon tekemist\u00e4, mahdollisuuksia ja tapahtumia, yhdess\u00e4oloa ja j\u00e4senetuja.<\/p>\n<p>J\u00e4seneksi voi liitty\u00e4 tilisiirrolla. J\u00e4senmaksun suuruus on 10 euroa vuonna 2022 ja se takaa Giga-j\u00e4senyyden koko opiskeluajaksesi. J\u00e4senmaksun maksettuasi, poikkea G-pisteell\u00e4 kahvilla ja hae Gigan huikea haalarimerkki koristamaan haalareitasi sek\u00e4 Giga-tarra opiskelijakorttiisi.<\/p>\n<p><strong>Miten liitty\u00e4?<\/strong><br \/>\nGigan j\u00e4seneksi liittyminen tapahtuu Kide.apissa <a href=\"https:\/\/kide.app\/memberships\/7ea25e3f-dd87-42c1-b300-42bd170466e3\">t\u00e4st\u00e4 linkist\u00e4.<\/a><\/p>\n<ol>\n<li>Luo itsellesi tarvittaessa k\u00e4ytt\u00e4j\u00e4tunnukset Kide.appiin.<\/li>\n<li>Lis\u00e4\u00e4 tuote ostoskoriin ja t\u00e4yt\u00e4 j\u00e4sentietolomake.<\/li>\n<li>Maksa tilaus ja j\u00e4senyytesi on voimassa!<\/li>\n<\/ol>\n<p>Mik\u00e4li olet jo yhdistyksen j\u00e4sen, voit liitt\u00e4\u00e4 j\u00e4senyytesi Kide.app tiliisi ja saada s\u00e4hk\u00f6isen j\u00e4senkortin k\u00e4ytt\u00f6\u00f6si.<\/p>\n<\/div>\n<p>J\u00e4senyyden aktivointi Kide.app tiliin tehd\u00e4\u00e4n <a href=\"https:\/\/kide.app\/community\/d1ceb228-81b6-4c23-af92-2a3f3326b2ca?action=activate-membership&amp;membershipId=3ff9f0ae-7c2f-465d-b88d-237e15095f4b\">t\u00e4st\u00e4 linkist\u00e4.<\/a><\/p>\n<ol>\n<li>Luo itsellesi tarvittaessa k\u00e4ytt\u00e4j\u00e4tunnukset Kide.appiin.<\/li>\n<li>T\u00e4yt\u00e4 aktivointilomake tiedoilla, jotka haetaan vanhasta j\u00e4senrekisterist\u00e4. Jos opiskelijanumerosi ei kelpaa, ei sit\u00e4 l\u00f6ydy vanhasta j\u00e4senrekisterist\u00e4. K\u00e4yt\u00e4 t\u00e4ll\u00f6in numerona: x12345<\/li>\n<li>T\u00e4yt\u00e4 j\u00e4sentietolomake tiedoillasi ja lis\u00e4\u00e4 ostoskoriin.<\/li>\n<li>Vahvista tilaus. (Liitt\u00e4minen on maksutonta.)<\/li>\n<\/ol>\n<div>\n<p><strong>Giga tarjoaa j\u00e4senilleen:<\/strong><br \/>\n&#8211; Samanhenkisen opiskelijayhteis\u00f6n<br \/>\n&#8211; Tapahtumia<br \/>\n&#8211; Alennuksia ainej\u00e4rjest\u00f6n j\u00e4rjest\u00e4miin tapahtumiin, juhliin ja haalarimerkkeihin<br \/>\n&#8211; Gigan haalarimerkin<br \/>\n&#8211; <a href=\"http:\/\/giga.fi\/index.php\/tentti-arkisto\">Tenttiarkiston<\/a><br \/>\n&#8211; Edustusta viestint\u00e4tieteiden ja tietotekniikan laitosten laitoskokouksissa<br \/>\n&#8211; Edunvalvontaa Vaasan yliopiston ylioppilaskunnassa, Vaasan yliopistossa ja koko yliopistoyhteis\u00f6ss\u00e4<\/p>\n<\/div>\n<\/div>\n","protected":false},"excerpt":{"rendered":"<p>Liity J\u00e4seneksi \u2022 Opiskelijayhteis\u00f6 \u2022 Tenttiarkisto \u2022 Alennukset J\u00e4senmaksu on ikij\u00e4senyys Liittym\u00e4ll\u00e4 ainej\u00e4rjest\u00f6\u00f6n varmistat koulutuksesi laadun kehitt\u00e4misen. Edunvalvonnan lis\u00e4ksi ainej\u00e4rjest\u00f6 tarjoaa paljon tekemist\u00e4, mahdollisuuksia ja tapahtumia, yhdess\u00e4oloa ja j\u00e4senetuja. J\u00e4seneksi voi liitty\u00e4 tilisiirrolla. J\u00e4senmaksun suuruus on 10 euroa vuonna 2022 ja se takaa Giga-j\u00e4senyyden koko opiskeluajaksesi. J\u00e4senmaksun maksettuasi, poikkea G-pisteell\u00e4 kahvilla ja hae Gigan huikea [&hellip;]<\/p>\n","protected":false},"author":1,"featured_media":0,"parent":0,"menu_order":0,"comment_status":"closed","ping_status":"closed","template":"","meta":{"passster_activate_protection":false,"passster_protection_type":"password","passster_password":"","passster_activate_overwrite_defaults":"","passster_headline":"","passster_instruction":"","passster_placeholder":"","passster_button":"","passster_id":"","passster_activate_misc_settings":"","passster_redirect_url":"","passster_hide":"no","passster_area_shortcode":"","_mi_skip_tracking":false,"footnotes":""},"class_list":["post-34","page","type-page","status-publish","hentry"],"_links":{"self":[{"href":"http:\/\/giga.fi\/index.php\/wp-json\/wp\/v2\/pages\/34","targetHints":{"allow":["GET"]}}],"collection":[{"href":"http:\/\/giga.fi\/index.php\/wp-json\/wp\/v2\/pages"}],"about":[{"href":"http:\/\/giga.fi\/index.php\/wp-json\/wp\/v2\/types\/page"}],"author":[{"embeddable":true,"href":"http:\/\/giga.fi\/index.php\/wp-json\/wp\/v2\/users\/1"}],"replies":[{"embeddable":true,"href":"http:\/\/giga.fi\/index.php\/wp-json\/wp\/v2\/comments?post=34"}],"version-history":[{"count":9,"href":"http:\/\/giga.fi\/index.php\/wp-json\/wp\/v2\/pages\/34\/revisions"}],"predecessor-version":[{"id":293,"href":"http:\/\/giga.fi\/index.php\/wp-json\/wp\/v2\/pages\/34\/revisions\/293"}],"wp:attachment":[{"href":"http:\/\/giga.fi\/index.php\/wp-json\/wp\/v2\/media?parent=34"}],"curies":[{"name":"wp","href":"https:\/\/api.w.org\/{rel}","templated":true}]}}