{"id":241,"date":"2020-01-23T15:01:51","date_gmt":"2020-01-23T13:01:51","guid":{"rendered":"http:\/\/giga.fi\/?page_id=241"},"modified":"2020-09-10T09:18:15","modified_gmt":"2020-09-10T07:18:15","slug":"uutiset","status":"publish","type":"page","link":"http:\/\/giga.fi\/index.php\/uutiset\/","title":{"rendered":"Uutiset"},"content":{"rendered":"\n<h2 class=\"wp-block-heading\"> <\/h2>\n\n\n\n<p>T\u00e4lle sivulle kootaan uutisia mm. Gigaan, tekniseen viestint\u00e4\u00e4n ja Vaasan yliopistoon liittyvist\u00e4 asioista. Uutiset koostuvat esimerkiksi tulevista tapahtumista ja merkitt\u00e4vist\u00e4 muutoksista.<\/p>\n\n\n\n<h2 class=\"wp-block-heading\">10.9.2020 &#8211; Ainej\u00e4rjest\u00f6jen kannanotto<\/h2>\n\n\n\n<p> Olemme yhteisty\u00f6ss\u00e4 muiden ainej\u00e4rjest\u00f6jen kanssa laatineet kannanoton  koskien yliopiston p\u00e4\u00e4t\u00f6st\u00e4 kampuksella liikkumisen rajoittamisesta.  P\u00e4\u00e4set lukemaan sen osoitteesta  <a href=\"http:\/\/bit.ly\/koronakannari\">http:\/\/bit.ly\/koronakannari<\/a><\/p>\n\n\n\n<hr class=\"wp-block-separator\"\/>\n","protected":false},"excerpt":{"rendered":"<p>T\u00e4lle sivulle kootaan uutisia mm. Gigaan, tekniseen viestint\u00e4\u00e4n ja Vaasan yliopistoon liittyvist\u00e4 asioista. Uutiset koostuvat esimerkiksi tulevista tapahtumista ja merkitt\u00e4vist\u00e4 muutoksista. 10.9.2020 &#8211; Ainej\u00e4rjest\u00f6jen kannanotto Olemme yhteisty\u00f6ss\u00e4 muiden ainej\u00e4rjest\u00f6jen kanssa laatineet kannanoton koskien yliopiston p\u00e4\u00e4t\u00f6st\u00e4 kampuksella liikkumisen rajoittamisesta. P\u00e4\u00e4set lukemaan sen osoitteesta http:\/\/bit.ly\/koronakannari<\/p>\n","protected":false},"author":1,"featured_media":0,"parent":0,"menu_order":0,"comment_status":"closed","ping_status":"closed","template":"","meta":{"passster_activate_protection":false,"passster_protection_type":"password","passster_password":"","passster_activate_overwrite_defaults":"","passster_headline":"","passster_instruction":"","passster_placeholder":"","passster_button":"","passster_id":"","passster_activate_misc_settings":"","passster_redirect_url":"","passster_hide":"no","passster_area_shortcode":"","_mi_skip_tracking":false,"footnotes":""},"class_list":["post-241","page","type-page","status-publish","hentry"],"_links":{"self":[{"href":"http:\/\/giga.fi\/index.php\/wp-json\/wp\/v2\/pages\/241","targetHints":{"allow":["GET"]}}],"collection":[{"href":"http:\/\/giga.fi\/index.php\/wp-json\/wp\/v2\/pages"}],"about":[{"href":"http:\/\/giga.fi\/index.php\/wp-json\/wp\/v2\/types\/page"}],"author":[{"embeddable":true,"href":"http:\/\/giga.fi\/index.php\/wp-json\/wp\/v2\/users\/1"}],"replies":[{"embeddable":true,"href":"http:\/\/giga.fi\/index.php\/wp-json\/wp\/v2\/comments?post=241"}],"version-history":[{"count":15,"href":"http:\/\/giga.fi\/index.php\/wp-json\/wp\/v2\/pages\/241\/revisions"}],"predecessor-version":[{"id":280,"href":"http:\/\/giga.fi\/index.php\/wp-json\/wp\/v2\/pages\/241\/revisions\/280"}],"wp:attachment":[{"href":"http:\/\/giga.fi\/index.php\/wp-json\/wp\/v2\/media?parent=241"}],"curies":[{"name":"wp","href":"https:\/\/api.w.org\/{rel}","templated":true}]}}